{"id":1487,"date":"2020-03-14T21:25:32","date_gmt":"2020-03-14T21:25:32","guid":{"rendered":"http:\/\/fabianhesse.com\/?page_id=1487"},"modified":"2024-12-11T22:36:21","modified_gmt":"2024-12-11T21:36:21","slug":"shows","status":"publish","type":"page","link":"https:\/\/fabianhesse.com\/de\/shows\/","title":{"rendered":"Ausstellungen"},"content":{"rendered":"<p><\/p>\n\n\n\n<p>2024<\/p>\n\n\n\n<p>Crafting the Real, Ludics Seminar, Mahindra Humanities Center, Harvard University<br>Welt anschauen, Kunstsammlungen Chemnitz<br>darktaxa-project: phtoograify, Projektb\u00fcro DFI e.V., photo+ Biennale for Visual and Sonic Media, D\u00fcsseldorf<br>Lehmzunge\/ clay tongue, Digital Art Space, Munich<br>film program dazwischensein 8, dg kunstraum, Munich<br>can this be tomorrow, Galerie kub, Leipzig<\/p>\n\n\n\n<p><\/p>\n\n\n\n<p>2023<\/p>\n\n\n\n<p>Praxis der Orte, Kunstverein St.Pauli, Hamburg<br>Glitch &#8211; The Art of Interference. Pinakothek der Moderne, Munich<br>RAW Photo Triennale, Heinrich-Vogeler-Museum, Barkenhoff, Worpswede<br>Expect the Unexpected, Kunstmuseum Bonn<br>3DCXP, Xxijra Hii, London<br>European Month of Photography, Politics of Touch, Amtsalon, Berlin<\/p>\n\n\n\n<p>2022<\/p>\n\n\n\n<p>Commoning, New Alphabet School, Haus der Kulturen der Welt, Berlin<br>3DCXP, Rosa Stern, M\u00fcnchen<br>Skulpturenpfad Wettbewerbsentw\u00fcrfe, Rathaus, Silberstadt Freiberg<br>PLAN OF PLAN(T)S, Kunstverein Die H_lle, Braunschweig<br>The vibration of things, 15. Triennale f\u00fcr Kleinplastik Fellbach<br>Unter der Zeit der Strand\/ Wob 3D\u00e9rives, Raum f\u00fcr Freunde, Kunstverein Wolfsburg<br>Open Plants, Hesse&amp;Wakil, Galerie Hengevoss-D\u00fcrkop, Hamburg<\/p>\n\n\n\n<p>2021<\/p>\n\n\n\n<p>Crop., Forum Stadtmuseum M\u00fcnchen<br>Wob 3D\u00e9rives, Stadtraum Wolfsburg, 42school, Kunstverein Wolfsburg<br>Techno Citizen Science, Forum Citizen Science, Symposium, TU BerlinRe-imagining the futures of 3D Printing in society, Symposium, KIT Karlsruhe Institute of Technology<\/p>\n\n\n\n<p>2020<\/p>\n\n\n\n<p>At the center of the world there is a fiction, Aici Acolo, Cluj-Napoca, Romania<br>Forever, Institut f\u00fcr Leistungsabfall und Kontemplation, K\u00f6\u015fk, Munich<br>Bunch of Kunst in Quarantine: Paradox Paradise, Kara Agora (London\/online)<br>Einsichten VII, Galerie Hengevoss-D\u00fcrkop, Hamburg<br>Stay Home\/ Mail Art, Studio 2, Kaiser Wilhelm Museum, Krefeld<br>Being laid up was no excuse for not making art, Humor nach #MeToo, Kunstverein Hamburg<br>Transparencies 2, Galerie Genscher, Hamburg (as co-initiator\/-curator)<br>Transparencies, SP2, Berlin (as co-initiator and curator)<br>Transparencies, Online Gallery of HFBK Hamburg (as co-initiator\/-curator)<br>The Covid19 Diaries, Lovaas Projects, Munich<br>Visard, Salve, Berlin\/ online<br>Voratskammer, Zigarre, K\u00fcnstlerhaus Heilbronn<br>Direct Diorama, Jahresausstellung, HFBK Hamburg<br>The New Alphabet School #3: CODING, Common Room Foundation, New Delhi, India<br>in collaboration with Haus der Kulturen der Welt, Berlin<\/p>\n\n\n\n<p>2019<\/p>\n\n\n\n<p>Editionen 2009 \u2013 2019, with forschungsgruppe_f, Kunstraum M\u00fcnchen<br>Recollecting Heinrich Heine, Heine-Haus, Hamburg<br>\u201afu:bar\/, Glitch Art Festival, Autonomni kulturni centar, Zagreb<br>Worlding, Akademie Schloss Solitude, Stuttgart<br>Aufbrechen, Barlach Halle K, Hamburg<br>Un-\/Learning Place, The New Alphabet, Haus der Kulturen der Welt, Berlin<br>:-Oz, with O-Team, Internationales Figurentheater-Festival, Erlangen<br>Envisioning America, Galerie Hengevoss-D\u00fcrkop, Hamburg<br>Art Paris, Galerie Hengevoss-D\u00fcrkop, Paris<br>Ortsrauschen, Zigarre K\u00fcnstlerhaus Heilbronn<br>:-Oz, with O-Team, Theater Rampe, Stuttgart<\/p>\n\n\n\n<p>2018<\/p>\n\n\n\n<p>Politics of Design\/ Design of Politics, Pinakothek der Moderne, Munich<br>Open Studios, ttt Werksttraum, Berlin<br>Platform12, Bosch Zentrum f\u00fcr Forschung und Vorausentwicklung, Renningen<br>Jaagobiggery wolt, Raum f\u00fcr Freunde, Kunstverein Wolfsburg<br>OK Dorothy, Galerie Hengevoss-D\u00fcrkop, Hamburg<br>Spinning Around, with Frieda J\u00e4ger, Kino Central, Berlin<br>Aperitif, iv &#8211; Kunstforum, M\u00fcnchen<br>Courvoisier Brut Body FLuXx, 3D-Scan Party, Zukunftswerkstatt Ihme-Zentrum, Hannover<br>Zeitformen, Galerie im Schlo\u00dfpavillon Ismaning<br>H.U.T., Werkstatthaus Stuttgart<br>:-Oz, with O-Team, FITZ Zentrum f\u00fcr Figurentheater, Stuttgart<br>:-Oz, with O-Team, Theater Schwere-Reiter, Munich<\/p>\n\n\n\n<p>2017<\/p>\n\n\n\n<p>The Wrong Biennale, Pavillon Super-Information-High-Market<br>:-Oz, with O-Team, Theater Rampe, Stuttgart<br>Eros, Galerie Hengevoss-D\u00fcrkop, Hamburg<br>Infoditzh, K\u00fcnstlerhaus Meinersen<br>Bei Cosy, Rongwrong Gallery, Amsterdam<br>Ruine I, Ad\/Ad Project Space, Hannover<\/p>\n\n\n\n<p>2016<\/p>\n\n\n\n<p>Perfect Lives, Kunstverein G\u00f6ttingen<br>local tide, Parallelograms, S1 Gallery, Portland, Orlando<br>Westpark Cloud, art and architecture project, Munich<br>The Museum of the 20th Century and its urban integration,<br>Foyer und Sonderausstellungshalle im Kulturforum, Berlin<br>Doppelpass, Galerie Prisma, Bozen<\/p>\n\n\n\n<p>2015<\/p>\n\n\n\n<p>Ooze booklaunch, Kunstverein M\u00fcnchen<br>ASP fair, Institute of Contemporary Art, London<br>Biennale der K\u00fcnstler, Haus der Kunst, Munich<br>diagno: Tocolo, M1 Arthur-Boskamp-Stiftung, Hohenlockstedt<br>Ein Tag im Leben von, Galerie Hengevoss-D\u00fcrkop, Hamburg<\/p>\n\n\n\n<p>2014<\/p>\n\n\n\n<p>We are here because\u2026, Weisses Haus, Vienna<br>Gatekeeping, Galerie Hollenstein, Lustenau<br>404, Galerie im Schw\u00e4bischen Volkskundemuseum Obersch\u00f6nenfeld<br>Transmediale 2014, Art Hack Day local.#non.access, Haus der Kulturen der Welt, Berlin<br>*FINAL UN)EXHIBITION, Max Mueller Bhavan, Bangalore\/ India<\/p>\n\n\n\n<p>2013<\/p>\n\n\n\n<p>3D-PRINT-PARTYYY 8D Thiruvananthapuram Flux, Max Mueller Bhavan, Trivandrum\/ India<br>3D Print Party Flux Assembly, Max Mueller Bhavan, Bangalore\/ India<br>local.#non.access, km temporaer, Berlin<br>Talkshow with Hase mit Ohren (Pechakucha performance), Jaaga, Bangalore\/ India<br>Die Irregul\u00e4ren \u2013 \u00d6konomien des Abweichens, NGBK Berlin<br>F\u00fcnf Wettbewerbsbeitr\u00e4ge zum Lise-Meitner-Denkmal, Foyer Humboldt-Universit\u00e4t, Berlin<\/p>\n\n\n\n<p>2012<\/p>\n\n\n\n<p>a I I \u201c bll ur\u201c = = e \u201cfoc u s\u201c= = a) d = !0, Nucleo, Ghent<br>Ping Pong, kunstraum muenchen<br>Noordkaap, Dordrecht\/ NL<br>und\/e\/mit\/con, with Claudia Barcheri, Galleria Gef\u00e4ngnis Lecarceri, Caldaro<br>GENERAL EXCHANGE, Transmission Gallery, Glasgow<br>Rumore, Le Murate und Villa Romana, Florence<\/p>\n\n\n\n<p>2011<\/p>\n\n\n\n<p>drawing a line\/ vom Wider-Stehen archive, mit Antifun, Platform3, Munich<br>Accrochage, Galerie Travers\u00e9e, Munich<br>The creature out of salong, performance, D\u00e4nischer Pavillon, 54. Biennale di Venezia<\/p>\n\n\n\n<p>2010<\/p>\n\n\n\n<p>Antifun in der Depression des F\u00fcrstentums, Kunstarkaden M\u00fcnchen<br>Erst oehlen dann metzeln, Akademie der Bildenden K\u00fcnste M\u00fcnchen<br>Adressbuch Liesl R.; Paulusplatz, Wien<br>zu dir oder zu mir, Off\/On-Forum, MaximiliansForum, M\u00fcnchen<br>fusion-Festival, L\u00e4rz<br>Lernen von Pj\u00f6ngjang, lothringer13_laden, M\u00fcnchen<br>EMSCHERKUNST.2010, Goldenes Dorf, BASIS der Kunstakademie M\u00fcnster, Stadthafen Recklinghausen<br>Thanks for sharing!, D21 Kunstraum, Leipzig<br>Hermetisch Zwart\/ hermetically black, Noordkaap, Dordrecht<br>Emscherkunst, RUHR.2010, Goldenes Dorf<\/p>\n\n\n\n<p>2009<\/p>\n\n\n\n<p>4th International Architecture Biennale Rotterdam<br>An atlas of radical cartography, White Space, Z\u00fcrich<br>uuuuuuuaaaaah!, forschungsgruppe_f, Deutscher K\u00fcnstlerbund, Berlin<\/p>\n\n\n\n<p><\/p>","protected":false},"excerpt":{"rendered":"<p>2024 Crafting the Real, Ludics Seminar, Mahindra Humanities Center, Harvard UniversityWelt anschauen, Kunstsammlungen Chemnitzdarktaxa-project: phtoograify, Projektb\u00fcro DFI e.V., photo+ Biennale for Visual and Sonic Media, D\u00fcsseldorfLehmzunge\/ clay tongue, Digital Art Space, Munichfilm program dazwischensein 8, dg kunstraum, Munichcan this be tomorrow, Galerie kub, Leipzig 2023 Praxis der Orte, Kunstverein St.Pauli, HamburgGlitch &#8211; The Art of [&hellip;]<\/p>\n","protected":false},"author":1,"featured_media":0,"parent":0,"menu_order":0,"comment_status":"closed","ping_status":"closed","template":"","meta":{"footnotes":""},"class_list":["post-1487","page","type-page","status-publish","hentry"],"yoast_head":"<!-- This site is optimized with the Yoast SEO plugin v27.3 - https:\/\/yoast.com\/product\/yoast-seo-wordpress\/ -->\n<title>Shows - Fabian Hesse<\/title>\n<meta name=\"robots\" content=\"index, follow, max-snippet:-1, max-image-preview:large, max-video-preview:-1\" \/>\n<link rel=\"canonical\" href=\"https:\/\/fabianhesse.com\/de\/shows\/\" \/>\n<meta property=\"og:locale\" content=\"de_DE\" \/>\n<meta property=\"og:type\" content=\"article\" \/>\n<meta property=\"og:title\" content=\"Shows - Fabian Hesse\" \/>\n<meta property=\"og:description\" content=\"2024 Crafting the Real, Ludics Seminar, Mahindra Humanities Center, Harvard UniversityWelt anschauen, Kunstsammlungen Chemnitzdarktaxa-project: phtoograify, Projektb\u00fcro DFI e.V., photo+ Biennale for Visual and Sonic Media, D\u00fcsseldorfLehmzunge\/ clay tongue, Digital Art Space, Munichfilm program dazwischensein 8, dg kunstraum, Munichcan this be tomorrow, Galerie kub, Leipzig 2023 Praxis der Orte, Kunstverein St.Pauli, HamburgGlitch &#8211; The Art of [&hellip;]\" \/>\n<meta property=\"og:url\" content=\"https:\/\/fabianhesse.com\/de\/shows\/\" \/>\n<meta property=\"og:site_name\" content=\"Fabian Hesse\" \/>\n<meta property=\"article:modified_time\" content=\"2024-12-11T21:36:21+00:00\" \/>\n<meta name=\"twitter:card\" content=\"summary_large_image\" \/>\n<meta name=\"twitter:label1\" content=\"Gesch\u00e4tzte Lesezeit\" \/>\n\t<meta name=\"twitter:data1\" content=\"5\u00a0Minuten\" \/>\n<script type=\"application\/ld+json\" class=\"yoast-schema-graph\">{\"@context\":\"https:\\\/\\\/schema.org\",\"@graph\":[{\"@type\":\"WebPage\",\"@id\":\"https:\\\/\\\/fabianhesse.com\\\/shows\\\/\",\"url\":\"https:\\\/\\\/fabianhesse.com\\\/shows\\\/\",\"name\":\"Shows - Fabian Hesse\",\"isPartOf\":{\"@id\":\"https:\\\/\\\/fabianhesse.com\\\/#website\"},\"datePublished\":\"2020-03-14T21:25:32+00:00\",\"dateModified\":\"2024-12-11T21:36:21+00:00\",\"breadcrumb\":{\"@id\":\"https:\\\/\\\/fabianhesse.com\\\/shows\\\/#breadcrumb\"},\"inLanguage\":\"de\",\"potentialAction\":[{\"@type\":\"ReadAction\",\"target\":[\"https:\\\/\\\/fabianhesse.com\\\/shows\\\/\"]}]},{\"@type\":\"BreadcrumbList\",\"@id\":\"https:\\\/\\\/fabianhesse.com\\\/shows\\\/#breadcrumb\",\"itemListElement\":[{\"@type\":\"ListItem\",\"position\":1,\"name\":\"Startseite\",\"item\":\"https:\\\/\\\/fabianhesse.com\\\/\"},{\"@type\":\"ListItem\",\"position\":2,\"name\":\"Shows\"}]},{\"@type\":\"WebSite\",\"@id\":\"https:\\\/\\\/fabianhesse.com\\\/#website\",\"url\":\"https:\\\/\\\/fabianhesse.com\\\/\",\"name\":\"Fabian Hesse\",\"description\":\"\",\"publisher\":{\"@id\":\"https:\\\/\\\/fabianhesse.com\\\/#\\\/schema\\\/person\\\/0ba010e5d73693015a7461bb109a23ee\"},\"potentialAction\":[{\"@type\":\"SearchAction\",\"target\":{\"@type\":\"EntryPoint\",\"urlTemplate\":\"https:\\\/\\\/fabianhesse.com\\\/?s={search_term_string}\"},\"query-input\":{\"@type\":\"PropertyValueSpecification\",\"valueRequired\":true,\"valueName\":\"search_term_string\"}}],\"inLanguage\":\"de\"},{\"@type\":[\"Person\",\"Organization\"],\"@id\":\"https:\\\/\\\/fabianhesse.com\\\/#\\\/schema\\\/person\\\/0ba010e5d73693015a7461bb109a23ee\",\"name\":\"FabianHesse\",\"image\":{\"@type\":\"ImageObject\",\"inLanguage\":\"de\",\"@id\":\"https:\\\/\\\/i0.wp.com\\\/fabianhesse.com\\\/wp-content\\\/uploads\\\/logo_web.png?fit=1106%2C726&ssl=1\",\"url\":\"https:\\\/\\\/i0.wp.com\\\/fabianhesse.com\\\/wp-content\\\/uploads\\\/logo_web.png?fit=1106%2C726&ssl=1\",\"contentUrl\":\"https:\\\/\\\/i0.wp.com\\\/fabianhesse.com\\\/wp-content\\\/uploads\\\/logo_web.png?fit=1106%2C726&ssl=1\",\"width\":1106,\"height\":726,\"caption\":\"FabianHesse\"},\"logo\":{\"@id\":\"https:\\\/\\\/i0.wp.com\\\/fabianhesse.com\\\/wp-content\\\/uploads\\\/logo_web.png?fit=1106%2C726&ssl=1\"}}]}<\/script>\n<!-- \/ Yoast SEO plugin. -->","yoast_head_json":{"title":"Shows - Fabian Hesse","robots":{"index":"index","follow":"follow","max-snippet":"max-snippet:-1","max-image-preview":"max-image-preview:large","max-video-preview":"max-video-preview:-1"},"canonical":"https:\/\/fabianhesse.com\/de\/shows\/","og_locale":"de_DE","og_type":"article","og_title":"Shows - Fabian Hesse","og_description":"2024 Crafting the Real, Ludics Seminar, Mahindra Humanities Center, Harvard UniversityWelt anschauen, Kunstsammlungen Chemnitzdarktaxa-project: phtoograify, Projektb\u00fcro DFI e.V., photo+ Biennale for Visual and Sonic Media, D\u00fcsseldorfLehmzunge\/ clay tongue, Digital Art Space, Munichfilm program dazwischensein 8, dg kunstraum, Munichcan this be tomorrow, Galerie kub, Leipzig 2023 Praxis der Orte, Kunstverein St.Pauli, HamburgGlitch &#8211; The Art of [&hellip;]","og_url":"https:\/\/fabianhesse.com\/de\/shows\/","og_site_name":"Fabian Hesse","article_modified_time":"2024-12-11T21:36:21+00:00","twitter_card":"summary_large_image","twitter_misc":{"Gesch\u00e4tzte Lesezeit":"5\u00a0Minuten"},"schema":{"@context":"https:\/\/schema.org","@graph":[{"@type":"WebPage","@id":"https:\/\/fabianhesse.com\/shows\/","url":"https:\/\/fabianhesse.com\/shows\/","name":"Shows - Fabian Hesse","isPartOf":{"@id":"https:\/\/fabianhesse.com\/#website"},"datePublished":"2020-03-14T21:25:32+00:00","dateModified":"2024-12-11T21:36:21+00:00","breadcrumb":{"@id":"https:\/\/fabianhesse.com\/shows\/#breadcrumb"},"inLanguage":"de","potentialAction":[{"@type":"ReadAction","target":["https:\/\/fabianhesse.com\/shows\/"]}]},{"@type":"BreadcrumbList","@id":"https:\/\/fabianhesse.com\/shows\/#breadcrumb","itemListElement":[{"@type":"ListItem","position":1,"name":"Startseite","item":"https:\/\/fabianhesse.com\/"},{"@type":"ListItem","position":2,"name":"Shows"}]},{"@type":"WebSite","@id":"https:\/\/fabianhesse.com\/#website","url":"https:\/\/fabianhesse.com\/","name":"Fabian Hesse","description":"","publisher":{"@id":"https:\/\/fabianhesse.com\/#\/schema\/person\/0ba010e5d73693015a7461bb109a23ee"},"potentialAction":[{"@type":"SearchAction","target":{"@type":"EntryPoint","urlTemplate":"https:\/\/fabianhesse.com\/?s={search_term_string}"},"query-input":{"@type":"PropertyValueSpecification","valueRequired":true,"valueName":"search_term_string"}}],"inLanguage":"de"},{"@type":["Person","Organization"],"@id":"https:\/\/fabianhesse.com\/#\/schema\/person\/0ba010e5d73693015a7461bb109a23ee","name":"FabianHesse","image":{"@type":"ImageObject","inLanguage":"de","@id":"https:\/\/i0.wp.com\/fabianhesse.com\/wp-content\/uploads\/logo_web.png?fit=1106%2C726&ssl=1","url":"https:\/\/i0.wp.com\/fabianhesse.com\/wp-content\/uploads\/logo_web.png?fit=1106%2C726&ssl=1","contentUrl":"https:\/\/i0.wp.com\/fabianhesse.com\/wp-content\/uploads\/logo_web.png?fit=1106%2C726&ssl=1","width":1106,"height":726,"caption":"FabianHesse"},"logo":{"@id":"https:\/\/i0.wp.com\/fabianhesse.com\/wp-content\/uploads\/logo_web.png?fit=1106%2C726&ssl=1"}}]}},"jetpack_sharing_enabled":true,"_links":{"self":[{"href":"https:\/\/fabianhesse.com\/de\/wp-json\/wp\/v2\/pages\/1487","targetHints":{"allow":["GET"]}}],"collection":[{"href":"https:\/\/fabianhesse.com\/de\/wp-json\/wp\/v2\/pages"}],"about":[{"href":"https:\/\/fabianhesse.com\/de\/wp-json\/wp\/v2\/types\/page"}],"author":[{"embeddable":true,"href":"https:\/\/fabianhesse.com\/de\/wp-json\/wp\/v2\/users\/1"}],"replies":[{"embeddable":true,"href":"https:\/\/fabianhesse.com\/de\/wp-json\/wp\/v2\/comments?post=1487"}],"version-history":[{"count":30,"href":"https:\/\/fabianhesse.com\/de\/wp-json\/wp\/v2\/pages\/1487\/revisions"}],"predecessor-version":[{"id":2473,"href":"https:\/\/fabianhesse.com\/de\/wp-json\/wp\/v2\/pages\/1487\/revisions\/2473"}],"wp:attachment":[{"href":"https:\/\/fabianhesse.com\/de\/wp-json\/wp\/v2\/media?parent=1487"}],"curies":[{"name":"wp","href":"https:\/\/api.w.org\/{rel}","templated":true}]}}