{"id":931,"date":"2019-11-22T22:34:27","date_gmt":"2019-11-22T22:34:27","guid":{"rendered":"http:\/\/fabianhesse.com\/?page_id=931"},"modified":"2020-04-10T08:35:47","modified_gmt":"2020-04-10T08:35:47","slug":"impressum","status":"publish","type":"page","link":"https:\/\/fabianhesse.com\/de\/impressum\/","title":{"rendered":"Imprint\/ Impressum"},"content":{"rendered":"<div class=\"wp-block-group\"><div class=\"wp-block-group__inner-container is-layout-flow wp-block-group-is-layout-flow\">\n<div class=\"wp-block-group\"><div class=\"wp-block-group__inner-container is-layout-flow wp-block-group-is-layout-flow\">\n<div class=\"wp-block-group has-very-light-gray-background-color has-background\"><div class=\"wp-block-group__inner-container is-layout-flow wp-block-group-is-layout-flow\">\n<p><strong>Impressum<\/strong><\/p>\n\n\n\n<p>Angaben gem\u00e4\u00df \u00a7 5 TMG<br>Fabian Hesse, Guldeinstra\u00dfe 32, <br>80339 M\u00fcnchen<\/p>\n\n\n\n<p><strong>Vertreten durch:<\/strong> Fabian Hesse<\/p>\n\n\n\n<p><strong>Kontakt:<\/strong><br>Telefon: 0049-(0)1775499410, E-Mail:&nbsp;<a href=\"mailto:fabianhesse@yahoo.de\">fabianhesse@yahoo.de<\/a><br><br><strong>Verantwortlich f\u00fcr den Inhalt nach \u00a7 55 Abs. 2 RStV:<\/strong><br>Fabian Hesse, <strong>Guldeinstra\u00dfe 32<\/strong>, <strong>80339 M\u00fcnchen<\/strong><br><br><strong>Haftungsausschluss:<\/strong><br><br><strong>Haftung f\u00fcr Inhalte<\/strong><br><br>Die Inhalte unserer Seiten wurden mit gr\u00f6\u00dfter Sorgfalt erstellt. F\u00fcr die Richtigkeit, Vollst\u00e4ndigkeit und Aktualit\u00e4t der Inhalte k\u00f6nnen wir jedoch keine Gew\u00e4hr \u00fcbernehmen. Als Diensteanbieter sind wir gem\u00e4\u00df \u00a7 7 Abs.1 TMG f\u00fcr eigene Inhalte auf diesen Seiten nach den allgemeinen Gesetzen verantwortlich. Nach \u00a7\u00a7 8 bis 10 TMG sind wir als Diensteanbieter jedoch nicht verpflichtet, \u00fcbermittelte oder gespeicherte fremde Informationen zu \u00fcberwachen oder nach Umst\u00e4nden zu forschen, die auf eine rechtswidrige T\u00e4tigkeit hinweisen. Verpflichtungen zur Entfernung oder Sperrung der Nutzung von Informationen nach den allgemeinen Gesetzen bleiben hiervon unber\u00fchrt. Eine diesbez\u00fcgliche Haftung ist jedoch erst ab dem Zeitpunkt der Kenntnis einer konkreten Rechtsverletzung m\u00f6glich. Bei Bekanntwerden von entsprechenden Rechtsverletzungen werden wir diese Inhalte umgehend entfernen.<br><br><strong>Haftung f\u00fcr Links<\/strong><br><br>Unser Angebot enth\u00e4lt Links zu externen Webseiten Dritter, auf deren Inhalte wir keinen Einfluss haben. Deshalb k\u00f6nnen wir f\u00fcr diese fremden Inhalte auch keine Gew\u00e4hr \u00fcbernehmen. F\u00fcr die Inhalte der verlinkten Seiten ist stets der jeweilige Anbieter oder Betreiber der Seiten verantwortlich. Die verlinkten Seiten wurden zum Zeitpunkt der Verlinkung auf m\u00f6gliche Rechtsverst\u00f6\u00dfe \u00fcberpr\u00fcft. Rechtswidrige Inhalte waren zum Zeitpunkt der Verlinkung nicht erkennbar. Eine permanente inhaltliche Kontrolle der verlinkten Seiten ist jedoch ohne konkrete Anhaltspunkte einer Rechtsverletzung nicht zumutbar. Bei Bekanntwerden von Rechtsverletzungen werden wir derartige Links umgehend entfernen.<br><br><strong>Urheberrecht<\/strong><br><br>Die durch die Seitenbetreiber erstellten Inhalte und Werke auf diesen Seiten unterliegen dem deutschen Urheberrecht. Die Vervielf\u00e4ltigung, Bearbeitung, Verbreitung und jede Art der Verwertung au\u00dferhalb der Grenzen des Urheberrechtes bed\u00fcrfen der schriftlichen Zustimmung des jeweiligen Autors bzw. Erstellers. Downloads und Kopien dieser Seite sind nur f\u00fcr den privaten, nicht kommerziellen Gebrauch gestattet. Soweit die Inhalte auf dieser Seite nicht vom Betreiber erstellt wurden, werden die Urheberrechte Dritter beachtet. Insbesondere werden Inhalte Dritter als solche gekennzeichnet. Sollten Sie trotzdem auf eine Urheberrechtsverletzung aufmerksam werden, bitten wir um einen entsprechenden Hinweis. Bei Bekanntwerden von Rechtsverletzungen werden wir derartige Inhalte umgehend entfernen.<br><br><strong>Datenschutz<\/strong><br><br>Die Nutzung unserer Webseite ist in der Regel ohne Angabe personenbezogener Daten m\u00f6glich. Soweit auf unseren Seiten personenbezogene Daten (beispielsweise Name, Anschrift oder eMail-Adressen) erhoben werden, erfolgt dies, soweit m\u00f6glich, stets auf freiwilliger Basis. Diese Daten werden ohne Ihre ausdr\u00fcckliche Zustimmung nicht an Dritte weitergegeben.<br>Wir weisen darauf hin, dass die Daten\u00fcbertragung im Internet (z.B. bei der Kommunikation per E-Mail) Sicherheitsl\u00fccken aufweisen kann. Ein l\u00fcckenloser Schutz der Daten vor dem Zugriff durch Dritte ist nicht m\u00f6glich.<br>Der Nutzung von im Rahmen der Impressumspflicht ver\u00f6ffentlichten Kontaktdaten durch Dritte zur \u00dcbersendung von nicht ausdr\u00fccklich angeforderter Werbung und Informationsmaterialien wird hiermit ausdr\u00fccklich widersprochen. Die Betreiber der Seiten behalten sich ausdr\u00fccklich rechtliche Schritte im Falle der unverlangten Zusendung von Werbeinformationen, etwa durch Spam-Mails, vor.<br><br><strong>Vimeo<\/strong><br><br>Unsere Website nutzt Plugins des Videoportals Vimeo. Anbieter ist die Vimeo Inc., 555 West 18th Street, New York, New York 10011, USA. Wenn Sie eine unserer mit einem Vimeo-Plugin ausgestatteten Seiten besuchen, wird eine Verbindung zu den Servern von Vimeo hergestellt. Dabei wird dem Vimeo-Server mitgeteilt, welche unserer Seiten Sie besucht haben. Zudem erlangt Vimeo Ihre IP-Adresse. Dies gilt auch dann, wenn Sie nicht bei Vimeo eingeloggt sind oder keinen Account bei Vimeo besitzen. Die von Vimeo erfassten Informationen werden an den Vimeo-Server in den USA \u00fcbermittelt. Wenn Sie in Ihrem Vimeo-Account eingeloggt sind, erm\u00f6glichen Sie Vimeo, Ihr Surfverhalten direkt Ihrem pers\u00f6nlichen Profil zuzuordnen. Dies k\u00f6nnen Sie verhindern, indem Sie sich aus Ihrem Vimeo-Account ausloggen. Weitere Informationen zum Umgang mit Nutzerdaten finden Sie in der Datenschutzerkl\u00e4rung von Vimeo unter: https:\/\/vimeo.com\/privacy.<br><br><strong>Google Web Fonts<\/strong><br><br>Diese Seite nutzt zur einheitlichen Darstellung von Schriftarten so genannte Web Fonts, die von Google bereitgestellt werden. Beim Aufruf einer Seite l\u00e4dt Ihr Browser die ben\u00f6tigten Web Fonts in ihren Browsercache, um Texte und Schriftarten korrekt anzuzeigen. Zu diesem Zweck muss der von Ihnen verwendete Browser Verbindung zu den Servern von Google aufnehmen. Hierdurch erlangt Google Kenntnis dar\u00fcber, dass \u00fcber Ihre IP-Adresse unsere Website aufgerufen wurde. Die Nutzung von Google Web Fonts erfolgt im Interesse einer einheitlichen und ansprechenden Darstellung unserer Online-Angebote. Dies stellt ein berechtigtes Interesse im Sinne von Art. 6 Abs. 1 lit. f DSGVO dar. Wenn Ihr Browser Web Fonts nicht unterst\u00fctzt, wird eine Standardschrift von Ihrem Computer genutzt. Weitere Informationen zu Google Web Fonts finden Sie unter https:\/\/developers.google.com\/fonts\/faq und in der Datenschutzerkl\u00e4rung von Google: https:\/\/www.google.com\/policies\/privacy\/.<br><\/p>\n\n\n\n<p><\/p>\n<\/div><\/div>\n\n\n\n<p><\/p>\n<\/div><\/div>\n\n\n\n<div class=\"wp-block-group has-very-light-gray-background-color has-background is-layout-flow wp-block-group-is-layout-flow\"><div class=\"wp-block-group__inner-container\"><\/div><\/div>\n\n\n\n<p><\/p>\n<\/div><\/div>","protected":false},"excerpt":{"rendered":"<p>Impressum Angaben gem\u00e4\u00df \u00a7 5 TMGFabian Hesse, Guldeinstra\u00dfe 32, 80339 M\u00fcnchen Vertreten durch: Fabian Hesse Kontakt:Telefon: 0049-(0)1775499410, E-Mail:&nbsp;fabianhesse@yahoo.de Verantwortlich f\u00fcr den Inhalt nach \u00a7 55 Abs. 2 RStV:Fabian Hesse, Guldeinstra\u00dfe 32, 80339 M\u00fcnchen Haftungsausschluss: Haftung f\u00fcr Inhalte Die Inhalte unserer Seiten wurden mit gr\u00f6\u00dfter Sorgfalt erstellt. F\u00fcr die Richtigkeit, Vollst\u00e4ndigkeit und Aktualit\u00e4t der Inhalte k\u00f6nnen [&hellip;]<\/p>\n","protected":false},"author":1,"featured_media":0,"parent":0,"menu_order":0,"comment_status":"closed","ping_status":"closed","template":"","meta":{"footnotes":""},"class_list":["post-931","page","type-page","status-publish","hentry"],"yoast_head":"<!-- This site is optimized with the Yoast SEO plugin v27.3 - https:\/\/yoast.com\/product\/yoast-seo-wordpress\/ -->\n<title>Imprint\/ Impressum - Fabian Hesse<\/title>\n<meta name=\"robots\" content=\"index, follow, max-snippet:-1, max-image-preview:large, max-video-preview:-1\" \/>\n<link rel=\"canonical\" href=\"https:\/\/fabianhesse.com\/de\/impressum\/\" \/>\n<meta property=\"og:locale\" content=\"de_DE\" \/>\n<meta property=\"og:type\" content=\"article\" \/>\n<meta property=\"og:title\" content=\"Imprint\/ Impressum - Fabian Hesse\" \/>\n<meta property=\"og:description\" content=\"Impressum Angaben gem\u00e4\u00df \u00a7 5 TMGFabian Hesse, Guldeinstra\u00dfe 32, 80339 M\u00fcnchen Vertreten durch: Fabian Hesse Kontakt:Telefon: 0049-(0)1775499410, E-Mail:&nbsp;fabianhesse@yahoo.de Verantwortlich f\u00fcr den Inhalt nach \u00a7 55 Abs. 2 RStV:Fabian Hesse, Guldeinstra\u00dfe 32, 80339 M\u00fcnchen Haftungsausschluss: Haftung f\u00fcr Inhalte Die Inhalte unserer Seiten wurden mit gr\u00f6\u00dfter Sorgfalt erstellt. F\u00fcr die Richtigkeit, Vollst\u00e4ndigkeit und Aktualit\u00e4t der Inhalte k\u00f6nnen [&hellip;]\" \/>\n<meta property=\"og:url\" content=\"https:\/\/fabianhesse.com\/de\/impressum\/\" \/>\n<meta property=\"og:site_name\" content=\"Fabian Hesse\" \/>\n<meta property=\"article:modified_time\" content=\"2020-04-10T08:35:47+00:00\" \/>\n<meta name=\"twitter:card\" content=\"summary_large_image\" \/>\n<meta name=\"twitter:label1\" content=\"Gesch\u00e4tzte Lesezeit\" \/>\n\t<meta name=\"twitter:data1\" content=\"4\u00a0Minuten\" \/>\n<script type=\"application\/ld+json\" class=\"yoast-schema-graph\">{\"@context\":\"https:\\\/\\\/schema.org\",\"@graph\":[{\"@type\":\"WebPage\",\"@id\":\"https:\\\/\\\/fabianhesse.com\\\/impressum\\\/\",\"url\":\"https:\\\/\\\/fabianhesse.com\\\/impressum\\\/\",\"name\":\"Imprint\\\/ Impressum - Fabian Hesse\",\"isPartOf\":{\"@id\":\"https:\\\/\\\/fabianhesse.com\\\/#website\"},\"datePublished\":\"2019-11-22T22:34:27+00:00\",\"dateModified\":\"2020-04-10T08:35:47+00:00\",\"breadcrumb\":{\"@id\":\"https:\\\/\\\/fabianhesse.com\\\/impressum\\\/#breadcrumb\"},\"inLanguage\":\"de\",\"potentialAction\":[{\"@type\":\"ReadAction\",\"target\":[\"https:\\\/\\\/fabianhesse.com\\\/impressum\\\/\"]}]},{\"@type\":\"BreadcrumbList\",\"@id\":\"https:\\\/\\\/fabianhesse.com\\\/impressum\\\/#breadcrumb\",\"itemListElement\":[{\"@type\":\"ListItem\",\"position\":1,\"name\":\"Startseite\",\"item\":\"https:\\\/\\\/fabianhesse.com\\\/\"},{\"@type\":\"ListItem\",\"position\":2,\"name\":\"Imprint\\\/ Impressum\"}]},{\"@type\":\"WebSite\",\"@id\":\"https:\\\/\\\/fabianhesse.com\\\/#website\",\"url\":\"https:\\\/\\\/fabianhesse.com\\\/\",\"name\":\"Fabian Hesse\",\"description\":\"\",\"publisher\":{\"@id\":\"https:\\\/\\\/fabianhesse.com\\\/#\\\/schema\\\/person\\\/0ba010e5d73693015a7461bb109a23ee\"},\"potentialAction\":[{\"@type\":\"SearchAction\",\"target\":{\"@type\":\"EntryPoint\",\"urlTemplate\":\"https:\\\/\\\/fabianhesse.com\\\/?s={search_term_string}\"},\"query-input\":{\"@type\":\"PropertyValueSpecification\",\"valueRequired\":true,\"valueName\":\"search_term_string\"}}],\"inLanguage\":\"de\"},{\"@type\":[\"Person\",\"Organization\"],\"@id\":\"https:\\\/\\\/fabianhesse.com\\\/#\\\/schema\\\/person\\\/0ba010e5d73693015a7461bb109a23ee\",\"name\":\"FabianHesse\",\"image\":{\"@type\":\"ImageObject\",\"inLanguage\":\"de\",\"@id\":\"https:\\\/\\\/i0.wp.com\\\/fabianhesse.com\\\/wp-content\\\/uploads\\\/logo_web.png?fit=1106%2C726&ssl=1\",\"url\":\"https:\\\/\\\/i0.wp.com\\\/fabianhesse.com\\\/wp-content\\\/uploads\\\/logo_web.png?fit=1106%2C726&ssl=1\",\"contentUrl\":\"https:\\\/\\\/i0.wp.com\\\/fabianhesse.com\\\/wp-content\\\/uploads\\\/logo_web.png?fit=1106%2C726&ssl=1\",\"width\":1106,\"height\":726,\"caption\":\"FabianHesse\"},\"logo\":{\"@id\":\"https:\\\/\\\/i0.wp.com\\\/fabianhesse.com\\\/wp-content\\\/uploads\\\/logo_web.png?fit=1106%2C726&ssl=1\"}}]}<\/script>\n<!-- \/ Yoast SEO plugin. -->","yoast_head_json":{"title":"Imprint\/ Impressum - Fabian Hesse","robots":{"index":"index","follow":"follow","max-snippet":"max-snippet:-1","max-image-preview":"max-image-preview:large","max-video-preview":"max-video-preview:-1"},"canonical":"https:\/\/fabianhesse.com\/de\/impressum\/","og_locale":"de_DE","og_type":"article","og_title":"Imprint\/ Impressum - Fabian Hesse","og_description":"Impressum Angaben gem\u00e4\u00df \u00a7 5 TMGFabian Hesse, Guldeinstra\u00dfe 32, 80339 M\u00fcnchen Vertreten durch: Fabian Hesse Kontakt:Telefon: 0049-(0)1775499410, E-Mail:&nbsp;fabianhesse@yahoo.de Verantwortlich f\u00fcr den Inhalt nach \u00a7 55 Abs. 2 RStV:Fabian Hesse, Guldeinstra\u00dfe 32, 80339 M\u00fcnchen Haftungsausschluss: Haftung f\u00fcr Inhalte Die Inhalte unserer Seiten wurden mit gr\u00f6\u00dfter Sorgfalt erstellt. F\u00fcr die Richtigkeit, Vollst\u00e4ndigkeit und Aktualit\u00e4t der Inhalte k\u00f6nnen [&hellip;]","og_url":"https:\/\/fabianhesse.com\/de\/impressum\/","og_site_name":"Fabian Hesse","article_modified_time":"2020-04-10T08:35:47+00:00","twitter_card":"summary_large_image","twitter_misc":{"Gesch\u00e4tzte Lesezeit":"4\u00a0Minuten"},"schema":{"@context":"https:\/\/schema.org","@graph":[{"@type":"WebPage","@id":"https:\/\/fabianhesse.com\/impressum\/","url":"https:\/\/fabianhesse.com\/impressum\/","name":"Imprint\/ Impressum - Fabian Hesse","isPartOf":{"@id":"https:\/\/fabianhesse.com\/#website"},"datePublished":"2019-11-22T22:34:27+00:00","dateModified":"2020-04-10T08:35:47+00:00","breadcrumb":{"@id":"https:\/\/fabianhesse.com\/impressum\/#breadcrumb"},"inLanguage":"de","potentialAction":[{"@type":"ReadAction","target":["https:\/\/fabianhesse.com\/impressum\/"]}]},{"@type":"BreadcrumbList","@id":"https:\/\/fabianhesse.com\/impressum\/#breadcrumb","itemListElement":[{"@type":"ListItem","position":1,"name":"Startseite","item":"https:\/\/fabianhesse.com\/"},{"@type":"ListItem","position":2,"name":"Imprint\/ Impressum"}]},{"@type":"WebSite","@id":"https:\/\/fabianhesse.com\/#website","url":"https:\/\/fabianhesse.com\/","name":"Fabian Hesse","description":"","publisher":{"@id":"https:\/\/fabianhesse.com\/#\/schema\/person\/0ba010e5d73693015a7461bb109a23ee"},"potentialAction":[{"@type":"SearchAction","target":{"@type":"EntryPoint","urlTemplate":"https:\/\/fabianhesse.com\/?s={search_term_string}"},"query-input":{"@type":"PropertyValueSpecification","valueRequired":true,"valueName":"search_term_string"}}],"inLanguage":"de"},{"@type":["Person","Organization"],"@id":"https:\/\/fabianhesse.com\/#\/schema\/person\/0ba010e5d73693015a7461bb109a23ee","name":"FabianHesse","image":{"@type":"ImageObject","inLanguage":"de","@id":"https:\/\/i0.wp.com\/fabianhesse.com\/wp-content\/uploads\/logo_web.png?fit=1106%2C726&ssl=1","url":"https:\/\/i0.wp.com\/fabianhesse.com\/wp-content\/uploads\/logo_web.png?fit=1106%2C726&ssl=1","contentUrl":"https:\/\/i0.wp.com\/fabianhesse.com\/wp-content\/uploads\/logo_web.png?fit=1106%2C726&ssl=1","width":1106,"height":726,"caption":"FabianHesse"},"logo":{"@id":"https:\/\/i0.wp.com\/fabianhesse.com\/wp-content\/uploads\/logo_web.png?fit=1106%2C726&ssl=1"}}]}},"jetpack_sharing_enabled":true,"_links":{"self":[{"href":"https:\/\/fabianhesse.com\/de\/wp-json\/wp\/v2\/pages\/931","targetHints":{"allow":["GET"]}}],"collection":[{"href":"https:\/\/fabianhesse.com\/de\/wp-json\/wp\/v2\/pages"}],"about":[{"href":"https:\/\/fabianhesse.com\/de\/wp-json\/wp\/v2\/types\/page"}],"author":[{"embeddable":true,"href":"https:\/\/fabianhesse.com\/de\/wp-json\/wp\/v2\/users\/1"}],"replies":[{"embeddable":true,"href":"https:\/\/fabianhesse.com\/de\/wp-json\/wp\/v2\/comments?post=931"}],"version-history":[{"count":8,"href":"https:\/\/fabianhesse.com\/de\/wp-json\/wp\/v2\/pages\/931\/revisions"}],"predecessor-version":[{"id":1988,"href":"https:\/\/fabianhesse.com\/de\/wp-json\/wp\/v2\/pages\/931\/revisions\/1988"}],"wp:attachment":[{"href":"https:\/\/fabianhesse.com\/de\/wp-json\/wp\/v2\/media?parent=931"}],"curies":[{"name":"wp","href":"https:\/\/api.w.org\/{rel}","templated":true}]}}